{"id":80,"date":"2021-09-05T10:12:00","date_gmt":"2021-09-05T10:12:00","guid":{"rendered":"https:\/\/www.resonanssiv.fi\/?page_id=80"},"modified":"2024-09-02T07:28:04","modified_gmt":"2024-09-02T07:28:04","slug":"hinnasto","status":"publish","type":"page","link":"https:\/\/www.resonanssiv.fi\/index.php\/hinnasto\/","title":{"rendered":"Hinnasto"},"content":{"rendered":"\n<div class=\"wp-block-cover alignfull\" style=\"min-height:600px;aspect-ratio:unset;\"><span aria-hidden=\"true\" class=\"wp-block-cover__background has-nv-light-bg-background-color has-background-dim-100 has-background-dim\"><\/span><div class=\"wp-block-cover__inner-container is-layout-flow wp-block-cover-is-layout-flow\">\n<div class=\"wp-block-group\"><div class=\"wp-block-group__inner-container is-layout-flow wp-block-group-is-layout-flow\">\n<div style=\"height:80px\" aria-hidden=\"true\" class=\"wp-block-spacer\"><\/div>\n\n\n\n<div class=\"wp-block-columns are-vertically-aligned-center is-layout-flex wp-container-core-columns-is-layout-9d6595d7 wp-block-columns-is-layout-flex\">\n<div class=\"wp-block-column is-vertically-aligned-center is-layout-flow wp-block-column-is-layout-flow\" style=\"flex-basis:50%\">\n<figure class=\"wp-block-image size-large\"><img loading=\"lazy\" decoding=\"async\" width=\"1024\" height=\"768\" src=\"http:\/\/www.resonanssiv.fi\/wp-content\/uploads\/2022\/11\/nassy1-1024x768.jpg\" alt=\"\" class=\"wp-image-273\" srcset=\"https:\/\/www.resonanssiv.fi\/wp-content\/uploads\/2022\/11\/nassy1-1024x768.jpg 1024w, https:\/\/www.resonanssiv.fi\/wp-content\/uploads\/2022\/11\/nassy1-300x225.jpg 300w, https:\/\/www.resonanssiv.fi\/wp-content\/uploads\/2022\/11\/nassy1-768x576.jpg 768w, https:\/\/www.resonanssiv.fi\/wp-content\/uploads\/2022\/11\/nassy1-1536x1152.jpg 1536w, https:\/\/www.resonanssiv.fi\/wp-content\/uploads\/2022\/11\/nassy1-2048x1536.jpg 2048w, https:\/\/www.resonanssiv.fi\/wp-content\/uploads\/2022\/11\/nassy1-1320x990.jpg 1320w, https:\/\/www.resonanssiv.fi\/wp-content\/uploads\/2022\/11\/nassy1-600x450.jpg 600w\" sizes=\"auto, (max-width: 1024px) 100vw, 1024px\" \/><\/figure>\n<\/div>\n\n\n\n<div class=\"wp-block-column is-vertically-aligned-center has-neve-link-color-color has-text-color is-layout-flow wp-block-column-is-layout-flow\" style=\"flex-basis:50%\">\n<div style=\"height:20px\" aria-hidden=\"true\" class=\"wp-block-spacer\"><\/div>\n\n\n\n<h2 class=\"wp-block-heading has-text-align-left has-neve-text-color-color has-text-color\">Hinnasto<\/h2>\n\n\n\n<p>Bioresonanssimittaus 135 \u20ac<\/p>\n\n\n\n<p>Et\u00e4mittaus 135 \u20ac + toimituskulut<\/p>\n\n\n\n<p>Resonanssitippa erikseen ostettuna 35 \u20ac<\/p>\n\n\n\n<p>Homeiden resonanssin tutkiminen kontaktimuovista 110 \u20ac<\/p>\n\n\n\n<p>Puhelinkonsultaatioaika 30 min. 45 \u20ac (Varaa puhelinkonsultaatio aina tekstiviestill\u00e4 tai s\u00e4hk\u00f6 postilla erikseen.)<\/p>\n\n\n\n<p>Ohjeiden, mittausraporttien yms. uudelleen l\u00e4hett\u00e4minen 20 \u20ac<\/p>\n\n\n\n<p>Otsonaattorin vuokraus 45 \u20ac viikko<\/p>\n\n\n\n<p>Kaikki mittaukset sis\u00e4lt\u00e4v\u00e4t mittausraportin ja puhdistusohjeet. <\/p>\n\n\n\n<p>Puhdistusohjeet k\u00e4yd\u00e4\u00e4n l\u00e4pi mittauksen lopussa, lis\u00e4ohjeita varten voidaan varata maksullinen puhelinkonsultaatioaika.<\/p>\n\n\n\n<p>Hinnat sis\u00e4lt\u00e4v\u00e4t arvonlis\u00e4veron (25,5%) <\/p>\n<\/div>\n<\/div>\n\n\n\n<div style=\"height:40px\" aria-hidden=\"true\" class=\"wp-block-spacer\"><\/div>\n<\/div><\/div>\n<\/div><\/div>\n","protected":false},"excerpt":{"rendered":"","protected":false},"author":1,"featured_media":0,"parent":0,"menu_order":0,"comment_status":"closed","ping_status":"closed","template":"","meta":{"neve_meta_sidebar":"full-width","neve_meta_container":"","neve_meta_enable_content_width":"on","neve_meta_content_width":100,"neve_meta_title_alignment":"","neve_meta_author_avatar":"","neve_post_elements_order":"","neve_meta_disable_header":"","neve_meta_disable_footer":"","neve_meta_disable_title":"","footnotes":""},"class_list":["post-80","page","type-page","status-publish","hentry"],"_links":{"self":[{"href":"https:\/\/www.resonanssiv.fi\/index.php\/wp-json\/wp\/v2\/pages\/80","targetHints":{"allow":["GET"]}}],"collection":[{"href":"https:\/\/www.resonanssiv.fi\/index.php\/wp-json\/wp\/v2\/pages"}],"about":[{"href":"https:\/\/www.resonanssiv.fi\/index.php\/wp-json\/wp\/v2\/types\/page"}],"author":[{"embeddable":true,"href":"https:\/\/www.resonanssiv.fi\/index.php\/wp-json\/wp\/v2\/users\/1"}],"replies":[{"embeddable":true,"href":"https:\/\/www.resonanssiv.fi\/index.php\/wp-json\/wp\/v2\/comments?post=80"}],"version-history":[{"count":29,"href":"https:\/\/www.resonanssiv.fi\/index.php\/wp-json\/wp\/v2\/pages\/80\/revisions"}],"predecessor-version":[{"id":499,"href":"https:\/\/www.resonanssiv.fi\/index.php\/wp-json\/wp\/v2\/pages\/80\/revisions\/499"}],"wp:attachment":[{"href":"https:\/\/www.resonanssiv.fi\/index.php\/wp-json\/wp\/v2\/media?parent=80"}],"curies":[{"name":"wp","href":"https:\/\/api.w.org\/{rel}","templated":true}]}}